{"id":24362,"date":"2020-01-21T14:19:17","date_gmt":"2020-01-21T13:19:17","guid":{"rendered":"https:\/\/www.espadancorks.com\/?page_id=24362"},"modified":"2022-06-23T13:37:51","modified_gmt":"2022-06-23T11:37:51","slug":"blog","status":"publish","type":"page","link":"https:\/\/www.a3jam.net\/en\/blog\/","title":{"rendered":"Noticias"},"content":{"rendered":"<p>[vc_row full_width=&#8221;stretch_row&#8221; bg_type=&#8221;image&#8221; bg_image_new=&#8221;24370&#8243; enable_overlay=&#8221;enable_overlay_value&#8221; overlay_color=&#8221;#774e08&#8243; overlay_pattern=&#8221;01.png&#8221; css=&#8221;.vc_custom_1579613179073{margin-bottom: 0px !important;padding-top: 260px !important;padding-bottom: 140px !important;}&#8221;][vc_column]<h1 class=\"boc_heading no_text_transform letter_spacing_negative center  \"  style=\"margin-bottom: 20px;margin-top: 0px;color: #ffffff;font-size: 35px;\"><span>Noticias Espad\u00e1n Corks<\/span><\/h1>[\/vc_column][\/vc_row][vc_row][vc_column]<div class=\"boc_spacing \" style=\"height: 20px\"><\/div><div id = \"post_grid_f39c8cfd72bc645ebf2f00fc12076bd4\" class=\"grid_holder \"><div class=\"col span_1_of_3 info_item isotope_element\">\r\n\t\t\t\t\t\t\t<div class=\"post_item_block  \"><div class=\"pic  img_hover_effect2\"><a href=\"https:\/\/www.a3jam.net\/en\/{2f7fd15000abaabcb9724464aff7882f3196cad595bcd1ad3253b0740575c3c3}postname{2f7fd15000abaabcb9724464aff7882f3196cad595bcd1ad3253b0740575c3c3}\/\"><img src=\"https:\/\/www.a3jam.net\/wp-content\/uploads\/2023\/09\/Los-Tapones-de-Corcho.-Un-Elemento-de-Marketing-Esencial-en-la-Industria-del-Vino-600x380.png\"\/><div class=\"img_overlay\"><span class=\"hover_icon icon_plus\"><\/span><\/div><\/a><\/div><div class=\"post_item_desc dark_links\"><div class=\"small_post_date_left\">\r\n\t\t\t\t\t\t\t\t\t\t\t\t<span class=\"small_day\">13<\/span>\r\n\t\t\t\t\t\t\t\t\t\t\t\t<span class=\"small_month\">Sep<\/span>\r\n\t\t\t\t\t\t\t\t\t\t\t<\/div><div class=\"small_post_desc_right\"><h4><a href=\"https:\/\/www.a3jam.net\/en\/{2f7fd15000abaabcb9724464aff7882f3196cad595bcd1ad3253b0740575c3c3}postname{2f7fd15000abaabcb9724464aff7882f3196cad595bcd1ad3253b0740575c3c3}\/\">Los Tapones de Corcho. Un Elemento de Marketing Esencial en la Industria del Vino<\/a><\/h4><p>El mundo del vino es un universo lleno de tradici\u00f3n, historia y, por supuesto, deliciosos sabores. Sin embargo, tambi\u00e9n es un mercado altamente <\/p><\/div>\t\t<\/div>\r\n\t\t\t\t<\/div>\r\n\t\t\t\t<\/div><div class=\"col span_1_of_3 info_item isotope_element\">\r\n\t\t\t\t\t\t\t<div class=\"post_item_block  \"><div class=\"pic  img_hover_effect2\"><a href=\"https:\/\/www.a3jam.net\/en\/{2f7fd15000abaabcb9724464aff7882f3196cad595bcd1ad3253b0740575c3c3}postname{2f7fd15000abaabcb9724464aff7882f3196cad595bcd1ad3253b0740575c3c3}\/\"><img src=\"https:\/\/www.a3jam.net\/wp-content\/uploads\/2022\/04\/espadancorks082-600x380.jpg\"\/><div class=\"img_overlay\"><span class=\"hover_icon icon_plus\"><\/span><\/div><\/a><\/div><div class=\"post_item_desc dark_links\"><div class=\"small_post_date_left\">\r\n\t\t\t\t\t\t\t\t\t\t\t\t<span class=\"small_day\">1<\/span>\r\n\t\t\t\t\t\t\t\t\t\t\t\t<span class=\"small_month\">Aug<\/span>\r\n\t\t\t\t\t\t\t\t\t\t\t<\/div><div class=\"small_post_desc_right\"><h4><a href=\"https:\/\/www.a3jam.net\/en\/{2f7fd15000abaabcb9724464aff7882f3196cad595bcd1ad3253b0740575c3c3}postname{2f7fd15000abaabcb9724464aff7882f3196cad595bcd1ad3253b0740575c3c3}\/\">Conservando la biodiversidad: El papel del alcornoque y los tapones de corcho en la preservaci\u00f3n de ecosistemas \u00fanicos<\/a><\/h4><p>La biodiversidad es la piedra angular de la vida en nuestro planeta. Cada ecosistema alberga una asombrosa variedad de especies, desde plantas y <\/p><\/div>\t\t<\/div>\r\n\t\t\t\t<\/div>\r\n\t\t\t\t<\/div><div class=\"col span_1_of_3 info_item isotope_element\">\r\n\t\t\t\t\t\t\t<div class=\"post_item_block  \"><div class=\"pic  img_hover_effect2\"><a href=\"https:\/\/www.a3jam.net\/en\/{2f7fd15000abaabcb9724464aff7882f3196cad595bcd1ad3253b0740575c3c3}postname{2f7fd15000abaabcb9724464aff7882f3196cad595bcd1ad3253b0740575c3c3}\/\"><img src=\"https:\/\/www.a3jam.net\/wp-content\/uploads\/2022\/04\/espadancorks029-600x380.jpg\"\/><div class=\"img_overlay\"><span class=\"hover_icon icon_plus\"><\/span><\/div><\/a><\/div><div class=\"post_item_desc dark_links\"><div class=\"small_post_date_left\">\r\n\t\t\t\t\t\t\t\t\t\t\t\t<span class=\"small_day\">19<\/span>\r\n\t\t\t\t\t\t\t\t\t\t\t\t<span class=\"small_month\">Jul<\/span>\r\n\t\t\t\t\t\t\t\t\t\t\t<\/div><div class=\"small_post_desc_right\"><h4><a href=\"https:\/\/www.a3jam.net\/en\/{2f7fd15000abaabcb9724464aff7882f3196cad595bcd1ad3253b0740575c3c3}postname{2f7fd15000abaabcb9724464aff7882f3196cad595bcd1ad3253b0740575c3c3}\/\">Corcho vs. Pl\u00e1stico: El impacto ambiental en la industria vin\u00edcola<\/a><\/h4><p>La industria vin\u00edcola, con su rica historia y tradici\u00f3n, ha enfrentado un dilema en los \u00faltimos a\u00f1os: \u00bfqu\u00e9 tipo de tap\u00f3n es el m\u00e1s adecuado <\/p><\/div>\t\t<\/div>\r\n\t\t\t\t<\/div>\r\n\t\t\t\t<\/div><div class=\"col span_1_of_3 info_item isotope_element\">\r\n\t\t\t\t\t\t\t<div class=\"post_item_block  \"><div class=\"pic  img_hover_effect2\"><a href=\"https:\/\/www.a3jam.net\/en\/{2f7fd15000abaabcb9724464aff7882f3196cad595bcd1ad3253b0740575c3c3}postname{2f7fd15000abaabcb9724464aff7882f3196cad595bcd1ad3253b0740575c3c3}\/\"><img src=\"https:\/\/www.a3jam.net\/wp-content\/uploads\/2023\/05\/potenciando-el-envejecimiento-del-vino-600x380.png\"\/><div class=\"img_overlay\"><span class=\"hover_icon icon_plus\"><\/span><\/div><\/a><\/div><div class=\"post_item_desc dark_links\"><div class=\"small_post_date_left\">\r\n\t\t\t\t\t\t\t\t\t\t\t\t<span class=\"small_day\">16<\/span>\r\n\t\t\t\t\t\t\t\t\t\t\t\t<span class=\"small_month\">May<\/span>\r\n\t\t\t\t\t\t\t\t\t\t\t<\/div><div class=\"small_post_desc_right\"><h4><a href=\"https:\/\/www.a3jam.net\/en\/{2f7fd15000abaabcb9724464aff7882f3196cad595bcd1ad3253b0740575c3c3}postname{2f7fd15000abaabcb9724464aff7882f3196cad595bcd1ad3253b0740575c3c3}\/\">La magia del corcho natural: potenciando el envejecimiento del vino<\/a><\/h4><p>El envejecimiento del vino es un proceso fascinante que transforma su sabor, aroma y estructura con el paso del tiempo. Y si hay un factor clave en <\/p><\/div>\t\t<\/div>\r\n\t\t\t\t<\/div>\r\n\t\t\t\t<\/div><div class=\"col span_1_of_3 info_item isotope_element\">\r\n\t\t\t\t\t\t\t<div class=\"post_item_block  \"><div class=\"pic  img_hover_effect2\"><a href=\"https:\/\/www.a3jam.net\/en\/{2f7fd15000abaabcb9724464aff7882f3196cad595bcd1ad3253b0740575c3c3}postname{2f7fd15000abaabcb9724464aff7882f3196cad595bcd1ad3253b0740575c3c3}\/\"><img src=\"https:\/\/www.a3jam.net\/wp-content\/uploads\/2023\/07\/230508-espadan-corks-tapon-bio-600x380.jpg\"\/><div class=\"img_overlay\"><span class=\"hover_icon icon_plus\"><\/span><\/div><\/a><\/div><div class=\"post_item_desc dark_links\"><div class=\"small_post_date_left\">\r\n\t\t\t\t\t\t\t\t\t\t\t\t<span class=\"small_day\">10<\/span>\r\n\t\t\t\t\t\t\t\t\t\t\t\t<span class=\"small_month\">May<\/span>\r\n\t\t\t\t\t\t\t\t\t\t\t<\/div><div class=\"small_post_desc_right\"><h4><a href=\"https:\/\/www.a3jam.net\/en\/{2f7fd15000abaabcb9724464aff7882f3196cad595bcd1ad3253b0740575c3c3}postname{2f7fd15000abaabcb9724464aff7882f3196cad595bcd1ad3253b0740575c3c3}\/\">Una empresa castellonense logra crear los primeros tapones de vino bio<\/a><\/h4><p>Fuente: https:\/\/5barricas.valenciaplaza.com\/una-empresa-castellonense-logra-crear-los-primeros-tapones-de-vino-bio\/?pdc=n &#8220;La empresa <\/p><\/div>\t\t<\/div>\r\n\t\t\t\t<\/div>\r\n\t\t\t\t<\/div><div class=\"col span_1_of_3 info_item isotope_element\">\r\n\t\t\t\t\t\t\t<div class=\"post_item_block  \"><div class=\"pic  img_hover_effect2\"><a href=\"https:\/\/www.a3jam.net\/en\/{2f7fd15000abaabcb9724464aff7882f3196cad595bcd1ad3253b0740575c3c3}postname{2f7fd15000abaabcb9724464aff7882f3196cad595bcd1ad3253b0740575c3c3}\/\"><img src=\"https:\/\/www.a3jam.net\/wp-content\/uploads\/2023\/04\/Nuevas-tendencias-en-diseno-de-corchos-artesanales-disenos-personalizados-y-originales-para-tus-botellas-600x380.png\"\/><div class=\"img_overlay\"><span class=\"hover_icon icon_plus\"><\/span><\/div><\/a><\/div><div class=\"post_item_desc dark_links\"><div class=\"small_post_date_left\">\r\n\t\t\t\t\t\t\t\t\t\t\t\t<span class=\"small_day\">12<\/span>\r\n\t\t\t\t\t\t\t\t\t\t\t\t<span class=\"small_month\">Apr<\/span>\r\n\t\t\t\t\t\t\t\t\t\t\t<\/div><div class=\"small_post_desc_right\"><h4><a href=\"https:\/\/www.a3jam.net\/en\/{2f7fd15000abaabcb9724464aff7882f3196cad595bcd1ad3253b0740575c3c3}postname{2f7fd15000abaabcb9724464aff7882f3196cad595bcd1ad3253b0740575c3c3}\/\">Nuevas tendencias en dise\u00f1o de corchos artesanales: dise\u00f1os personalizados y originales para tus botellas<\/a><\/h4><p>En la actualidad, los corchos artesanales no solo son valorados por su calidad y capacidad de sellado, sino que tambi\u00e9n se han convertido en una <\/p><\/div>\t\t<\/div>\r\n\t\t\t\t<\/div>\r\n\t\t\t\t<\/div><div class=\"col span_1_of_3 info_item isotope_element\">\r\n\t\t\t\t\t\t\t<div class=\"post_item_block  \"><div class=\"pic  img_hover_effect2\"><a href=\"https:\/\/www.a3jam.net\/en\/{2f7fd15000abaabcb9724464aff7882f3196cad595bcd1ad3253b0740575c3c3}postname{2f7fd15000abaabcb9724464aff7882f3196cad595bcd1ad3253b0740575c3c3}\/\"><img src=\"https:\/\/www.a3jam.net\/wp-content\/uploads\/2023\/03\/mitos-sobre-los-tapones-de-corcho-naturales-600x380.png\"\/><div class=\"img_overlay\"><span class=\"hover_icon icon_plus\"><\/span><\/div><\/a><\/div><div class=\"post_item_desc dark_links\"><div class=\"small_post_date_left\">\r\n\t\t\t\t\t\t\t\t\t\t\t\t<span class=\"small_day\">8<\/span>\r\n\t\t\t\t\t\t\t\t\t\t\t\t<span class=\"small_month\">Mar<\/span>\r\n\t\t\t\t\t\t\t\t\t\t\t<\/div><div class=\"small_post_desc_right\"><h4><a href=\"https:\/\/www.a3jam.net\/en\/{2f7fd15000abaabcb9724464aff7882f3196cad595bcd1ad3253b0740575c3c3}postname{2f7fd15000abaabcb9724464aff7882f3196cad595bcd1ad3253b0740575c3c3}\/\">Mitos sobre los tapones de corcho naturales para vinos<\/a><\/h4><p>Durante siglos, los tapones de corcho han sido utilizados para sellar botellas de vino y asegurar que el vino dentro de ellas se mantenga fresco y <\/p><\/div>\t\t<\/div>\r\n\t\t\t\t<\/div>\r\n\t\t\t\t<\/div><div class=\"col span_1_of_3 info_item isotope_element\">\r\n\t\t\t\t\t\t\t<div class=\"post_item_block  \"><div class=\"pic  img_hover_effect2\"><a href=\"https:\/\/www.a3jam.net\/en\/{2f7fd15000abaabcb9724464aff7882f3196cad595bcd1ad3253b0740575c3c3}postname{2f7fd15000abaabcb9724464aff7882f3196cad595bcd1ad3253b0740575c3c3}\/\"><img src=\"https:\/\/www.a3jam.net\/wp-content\/uploads\/2023\/02\/5-VENTAJAS-DE-USAR-TAPONES-DE-CORCHO-NATURALES-PARA-VINOS-600x380.png\"\/><div class=\"img_overlay\"><span class=\"hover_icon icon_plus\"><\/span><\/div><\/a><\/div><div class=\"post_item_desc dark_links\"><div class=\"small_post_date_left\">\r\n\t\t\t\t\t\t\t\t\t\t\t\t<span class=\"small_day\">7<\/span>\r\n\t\t\t\t\t\t\t\t\t\t\t\t<span class=\"small_month\">Feb<\/span>\r\n\t\t\t\t\t\t\t\t\t\t\t<\/div><div class=\"small_post_desc_right\"><h4><a href=\"https:\/\/www.a3jam.net\/en\/{2f7fd15000abaabcb9724464aff7882f3196cad595bcd1ad3253b0740575c3c3}postname{2f7fd15000abaabcb9724464aff7882f3196cad595bcd1ad3253b0740575c3c3}\/\">5 ventajas de usar tap\u00f3n de corcho natural para vinos<\/a><\/h4><p>Los tapones de corcho natural son una opci\u00f3n popular para sellar botellas de vino, y con raz\u00f3n. Aqu\u00ed te explicamos algunas de las ventajas de usar <\/p><\/div>\t\t<\/div>\r\n\t\t\t\t<\/div>\r\n\t\t\t\t<\/div><div class=\"col span_1_of_3 info_item isotope_element\">\r\n\t\t\t\t\t\t\t<div class=\"post_item_block  \"><div class=\"pic  img_hover_effect2\"><a href=\"https:\/\/www.a3jam.net\/en\/{2f7fd15000abaabcb9724464aff7882f3196cad595bcd1ad3253b0740575c3c3}postname{2f7fd15000abaabcb9724464aff7882f3196cad595bcd1ad3253b0740575c3c3}\/\"><img src=\"https:\/\/www.a3jam.net\/wp-content\/uploads\/2023\/01\/De-que-partes-se-compone-el-corcho-Y-cuales-son-sus-beneficios-600x380.png\"\/><div class=\"img_overlay\"><span class=\"hover_icon icon_plus\"><\/span><\/div><\/a><\/div><div class=\"post_item_desc dark_links\"><div class=\"small_post_date_left\">\r\n\t\t\t\t\t\t\t\t\t\t\t\t<span class=\"small_day\">2<\/span>\r\n\t\t\t\t\t\t\t\t\t\t\t\t<span class=\"small_month\">Jan<\/span>\r\n\t\t\t\t\t\t\t\t\t\t\t<\/div><div class=\"small_post_desc_right\"><h4><a href=\"https:\/\/www.a3jam.net\/en\/{2f7fd15000abaabcb9724464aff7882f3196cad595bcd1ad3253b0740575c3c3}postname{2f7fd15000abaabcb9724464aff7882f3196cad595bcd1ad3253b0740575c3c3}\/\">\u00bfDe qu\u00e9 partes se compone el corcho?\u00bfY cu\u00e1les son sus beneficios?<\/a><\/h4><p>\u00bfDe qu\u00e9 partes se compone el corcho? Las partes m\u00e1s importantes son la m\u00e9dula, la corteza y la periderma. Estas tres partes forman la capa <\/p><\/div>\t\t<\/div>\r\n\t\t\t\t<\/div>\r\n\t\t\t\t<\/div>\r\n\t\t\t<\/div>\r\n\t\t\t<div class=\"h10 clear\"><\/div>[\/vc_column][\/vc_row]<\/p>","protected":false},"excerpt":{"rendered":"<p>[vc_row full_width=&#8221;stretch_row&#8221; bg_type=&#8221;image&#8221; bg_image_new=&#8221;24370&#8243; enable_overlay=&#8221;enable_overlay_value&#8221; overlay_color=&#8221;#774e08&#8243; overlay_pattern=&#8221;01.png&#8221; css=&#8221;.vc_custom_1579613179073{margin-bottom: 0px !important;padding-top: 260px !important;padding-bottom: 140px !important;}&#8221;][vc_column][\/vc_column][\/vc_row][vc_row][vc_column][\/vc_column][\/vc_row]<\/p>\n","protected":false},"author":4,"featured_media":0,"parent":0,"menu_order":0,"comment_status":"closed","ping_status":"closed","template":"","meta":[],"aioseo_notices":[],"_links":{"self":[{"href":"https:\/\/www.a3jam.net\/en\/wp-json\/wp\/v2\/pages\/24362"}],"collection":[{"href":"https:\/\/www.a3jam.net\/en\/wp-json\/wp\/v2\/pages"}],"about":[{"href":"https:\/\/www.a3jam.net\/en\/wp-json\/wp\/v2\/types\/page"}],"author":[{"embeddable":true,"href":"https:\/\/www.a3jam.net\/en\/wp-json\/wp\/v2\/users\/4"}],"replies":[{"embeddable":true,"href":"https:\/\/www.a3jam.net\/en\/wp-json\/wp\/v2\/comments?post=24362"}],"version-history":[{"count":17,"href":"https:\/\/www.a3jam.net\/en\/wp-json\/wp\/v2\/pages\/24362\/revisions"}],"predecessor-version":[{"id":24593,"href":"https:\/\/www.a3jam.net\/en\/wp-json\/wp\/v2\/pages\/24362\/revisions\/24593"}],"wp:attachment":[{"href":"https:\/\/www.a3jam.net\/en\/wp-json\/wp\/v2\/media?parent=24362"}],"curies":[{"name":"wp","href":"https:\/\/api.w.org\/{rel}","templated":true}]}}