{"id":24027,"date":"2019-12-02T10:05:42","date_gmt":"2019-12-02T09:05:42","guid":{"rendered":"https:\/\/www.espadancorks.com\/?page_id=24027"},"modified":"2022-06-23T13:34:49","modified_gmt":"2022-06-23T11:34:49","slug":"sobre-nosotros","status":"publish","type":"page","link":"https:\/\/www.a3jam.net\/fr\/sobre-nosotros\/","title":{"rendered":"Sobre nosotros"},"content":{"rendered":"<p>[vc_row full_width=\u00a0\u00bbstretch_row\u00a0\u00bb bg_type=\u00a0\u00bbimage\u00a0\u00bb bg_image_new=\u00a0\u00bb24035&Prime; enable_overlay=\u00a0\u00bbenable_overlay_value\u00a0\u00bb overlay_color=\u00a0\u00bb#774e08&Prime; overlay_pattern=\u00a0\u00bb01.png\u00a0\u00bb css=\u00a0\u00bb.vc_custom_1575280441956{margin-bottom: 0px !important;padding-top: 260px !important;padding-bottom: 140px !important;}\u00a0\u00bb][vc_column]<h1 class=\"boc_heading no_text_transform letter_spacing_negative center  \"  style=\"margin-bottom: 20px;margin-top: 0px;color: #ffffff;font-size: 35px;\"><span>Quatre g\u00e9n\u00e9rations d\u2019artisans<\/span><\/h1><h2 class=\"boc_heading no_text_transform letter_spacing_negative center  boc_subheading \"  style=\"margin-bottom: 20px;margin-top: 0px;color: #d1d1d1;font-size: 22px;\"><span>fabricants de bouchons en li\u00e8ge 100{2f7fd15000abaabcb9724464aff7882f3196cad595bcd1ad3253b0740575c3c3} naturel<\/span><\/h2>[\/vc_column][\/vc_row][vc_row][vc_column]<div class=\"boc_spacing \" style=\"height: 20px\"><\/div>[\/vc_column][\/vc_row][vc_row][vc_column width=\u00a0\u00bb1\/3&Prime; css=\u00a0\u00bb.vc_custom_1428093600775{padding-right: 60px !important;padding-left: 40px !important;}\u00a0\u00bb]<h3 class=\"boc_heading  al_left  \"  style=\"margin-bottom: 20px;margin-top: 0px;color: #333333;\"><span>Tradition <strong>familiale<\/strong><\/span><\/h3><div class=\"boc_divider_holder\"><div class=\"boc_divider  \"  style=\"margin-top: 0px;margin-bottom: 20px;width: 60px;height: 1px;background: #eeeeee;\"><\/div><\/div>[vc_column_text]<\/p>\n<p class=\"p1\">Espad\u00e1n Corks est une entreprise familiale, des artisans de<span class=\"Apple-converted-space\">\u00a0 <\/span>li\u00e8ge de 4<span class=\"s1\"><sup>\u00e8me<\/sup><\/span> g\u00e9n\u00e9ration, d\u00e9di\u00e9e \u00e0 la culture et au traitement du li\u00e8ge.<\/p>\n<p class=\"p1\">Nous sommes sp\u00e9cialis\u00e9s dans la production <b>de bouchons de li\u00e8ge 100{2f7fd15000abaabcb9724464aff7882f3196cad595bcd1ad3253b0740575c3c3} naturel<\/b> pour les vins tranquilles.<\/p>\n<p>[\/vc_column_text]<div class=\"boc_spacing \" style=\"height: 30px\"><\/div>[\/vc_column][vc_column width=\u00a0\u00bb1\/3&Prime; css=\u00a0\u00bb.vc_custom_1428093679726{padding-right: 30px !important;}\u00a0\u00bb]<h3 class=\"boc_heading  al_left  \"  style=\"margin-bottom: 20px;margin-top: 0px;color: #333333;\"><span>For\u00eats <strong> Propres <\/strong><\/span><\/h3><div class=\"boc_divider_holder\"><div class=\"boc_divider  \"  style=\"margin-top: 0px;margin-bottom: 20px;width: 60px;height: 1px;background: #eeeeee;\"><\/div><\/div>[vc_column_text]<\/p>\n<p class=\"p1\">Nous sommes des producteurs de li\u00e8ge dans le Parc Naturel de la Sierra Espad\u00e1n, o\u00f9 nous avons <b>nos propres suberaies<\/b>.<\/p>\n<p class=\"p1\">Nous sommes fiers de pr\u00e9server l\u2019environnement de mani\u00e8re \u00e9cologique et durable.<\/p>\n<p>[\/vc_column_text]<div class=\"boc_spacing \" style=\"height: 30px\"><\/div>[\/vc_column][vc_column width=\u00a0\u00bb1\/3&Prime;][vc_single_image alignment=\u00a0\u00bbcenter\u00a0\u00bb image=\u00a0\u00bb24041&Prime; css=\u00a0\u00bb.vc_custom_1575281900443{margin-bottom: 0px !important;border-bottom-width: 0px !important;}\u00a0\u00bb][vc_column_text]<\/p>\n<p class=\"p1\" style=\"text-align: center;\">Adolfo Miravet \u2013 Directeur<\/p>\n<p>[\/vc_column_text]<div class=\"boc_spacing \" style=\"height: 30px\"><\/div>[\/vc_column][\/vc_row][vc_row][vc_column]<div class=\"boc_spacing \" style=\"height: 20px\"><\/div>[vc_video link=\u00a0\u00bbhttps:\/\/www.youtube.com\/watch?v=JyTrNahlZFQ&amp;feature=youtu.be\u00a0\u00bb align=\u00a0\u00bbcenter\u00a0\u00bb]<div class=\"boc_spacing \" style=\"height: 20px\"><\/div>[\/vc_column][\/vc_row][vc_row][vc_column]<div class=\"boc_spacing \" style=\"height: 10px\"><\/div><h3 class=\"boc_heading  al_left  \"  style=\"margin-bottom: 20px;margin-top: 0px;color: #333333;\"><span>Fermement engag\u00e9s avec l\u2019environnement<\/span><\/h3><div class=\"boc_divider_holder\"><div class=\"boc_divider  \"  style=\"margin-top: 0px;margin-bottom: 20px;width: 60px;height: 1px;background: #eeeeee;\"><\/div><\/div>[vc_column_text]<\/p>\n<p class=\"p1\">Nous <strong>sommes engag\u00e9s envers notre environnement<\/strong>, nous maintenons les traditions et les proc\u00e9dures artisanales dans chacun des processus int\u00e9gr\u00e9s dans la fabrication du bouchon. L\u2019entreprise est situ\u00e9e au c\u0153ur de \u00ab<strong>La Sierra Espad\u00e1n<\/strong>\u00bb, r\u00e9duisant ainsi au minimum les \u00e9missions n\u00e9cessaires pour amener le ch\u00eane-li\u00e8ge d\u00e9mascl\u00e9 jusqu\u2019\u00e0 l\u2019usine.<\/p>\n<p class=\"p1\">Nous sommes une entreprise qui contr\u00f4le l\u2019ensemble du processus de fabrication du bouchon, en commen\u00e7ant avec l\u2019entretien et la durabilit\u00e9 de nos suberaies, jusqu\u2019\u00e0 ce que le bouchon arrive dans les caves pour \u00eatre utiliser. Engag\u00e9s dans la satisfaction de la client\u00e8le \u00e0 qui nous offrons un traitement proche et personnalis\u00e9, en contact \u00e9troit avec nous.<\/p>\n<p>[\/vc_column_text]<div class=\"boc_spacing \" style=\"height: 30px\"><\/div>[\/vc_column][\/vc_row][vc_row full_width=\u00a0\u00bbstretch_row\u00a0\u00bb bg_type=\u00a0\u00bbimage\u00a0\u00bb parallax_style=\u00a0\u00bbvcpb-animated\u00a0\u00bb bg_image_new=\u00a0\u00bb24207&Prime; parallax_sense=\u00a0\u00bb64&Prime; bg_override=\u00a0\u00bbex-full\u00a0\u00bb disable_on_mobile_img_parallax=\u00a0\u00bboff\u00a0\u00bb parallax_content=\u00a0\u00bbparallax_content_value\u00a0\u00bb parallax_content_sense=\u00a0\u00bb60&Prime; fadeout_row=\u00a0\u00bboff\u00a0\u00bb enable_overlay=\u00a0\u00bbenable_overlay_value\u00a0\u00bb overlay_color=\u00a0\u00bb#000000&Prime; overlay_pattern=\u00a0\u00bb01.png\u00a0\u00bb css=\u00a0\u00bb.vc_custom_1575301698977{margin-bottom: 0px !important;border-bottom-width: 0px !important;padding-top: 180px !important;padding-bottom: 150px !important;}\u00a0\u00bb el_class=\u00a0\u00bbcenter\u00a0\u00bb][vc_column]<h2 class=\"boc_heading no_text_transform center  boc_animate_when_almost_visible boc_top-to-bottom\"  style=\"margin-bottom: 20px;margin-top: 0px;color: #ffffff;font-size: 40px;\"><span>Notre produit vous int\u00e9resse ?<\/span><\/h2><h2 class=\"boc_heading  center  boc_subheading boc_animate_when_almost_visible boc_top-to-bottom\"  style=\"margin-bottom: 20px;margin-top: 6px;color: rgba(255,255,255,0.8);font-size: 19px;\"><span>Nous sommes heureux de recevoir votre demande et de vous expliquer en d\u00e9tail les principales caract\u00e9ristiques de nos bouchons en li\u00e8ge 100{2f7fd15000abaabcb9724464aff7882f3196cad595bcd1ad3253b0740575c3c3} naturel. Un produit unique et enti\u00e8rement personnalisable.<\/span><\/h2><div class=\"boc_spacing \" style=\"height: 60px\"><\/div><a\thref=\"https:\/\/www.espadancorks.com\/contacto\/\" \n\t\t\t\tclass=\"button btn_medium_stretched btn_white btn_rounded btn_outline   boc_animate_when_almost_visible boc_right-to-left btn_push_right\"  target='_self'><span>Contactez-nous<\/span><\/a>[\/vc_column][\/vc_row]<\/p>","protected":false},"excerpt":{"rendered":"<p>[vc_row full_width=\u00a0\u00bbstretch_row\u00a0\u00bb bg_type=\u00a0\u00bbimage\u00a0\u00bb bg_image_new=\u00a0\u00bb24035&Prime; enable_overlay=\u00a0\u00bbenable_overlay_value\u00a0\u00bb overlay_color=\u00a0\u00bb#774e08&Prime; overlay_pattern=\u00a0\u00bb01.png\u00a0\u00bb css=\u00a0\u00bb.vc_custom_1575280441956{margin-bottom: 0px !important;padding-top: 260px !important;padding-bottom: 140px !important;}\u00a0\u00bb][vc_column][\/vc_column][\/vc_row][vc_row][vc_column][\/vc_column][\/vc_row][vc_row][vc_column width=\u00a0\u00bb1\/3&Prime; css=\u00a0\u00bb.vc_custom_1428093600775{padding-right: 60px !important;padding-left: 40px !important;}\u00a0\u00bb][vc_column_text] Espad\u00e1n Corks est une entreprise familiale, des artisans de\u00a0 li\u00e8ge de 4\u00e8me g\u00e9n\u00e9ration, d\u00e9di\u00e9e \u00e0 la culture et au traitement du li\u00e8ge. Nous sommes sp\u00e9cialis\u00e9s dans la production de bouchons de li\u00e8ge 100{2f7fd15000abaabcb9724464aff7882f3196cad595bcd1ad3253b0740575c3c3} naturel pour les vins tranquilles. [\/vc_column_text][\/vc_column][vc_column width=\u00a0\u00bb1\/3&Prime;<\/p>\n<div class=\"h10\"><\/div>\n<p><a class=\"more-link2 flat\" href=\"https:\/\/www.a3jam.net\/fr\/sobre-nosotros\/\">Read more<\/a><\/p>\n","protected":false},"author":4,"featured_media":0,"parent":0,"menu_order":0,"comment_status":"closed","ping_status":"closed","template":"","meta":[],"aioseo_notices":[],"_links":{"self":[{"href":"https:\/\/www.a3jam.net\/fr\/wp-json\/wp\/v2\/pages\/24027"}],"collection":[{"href":"https:\/\/www.a3jam.net\/fr\/wp-json\/wp\/v2\/pages"}],"about":[{"href":"https:\/\/www.a3jam.net\/fr\/wp-json\/wp\/v2\/types\/page"}],"author":[{"embeddable":true,"href":"https:\/\/www.a3jam.net\/fr\/wp-json\/wp\/v2\/users\/4"}],"replies":[{"embeddable":true,"href":"https:\/\/www.a3jam.net\/fr\/wp-json\/wp\/v2\/comments?post=24027"}],"version-history":[{"count":78,"href":"https:\/\/www.a3jam.net\/fr\/wp-json\/wp\/v2\/pages\/24027\/revisions"}],"predecessor-version":[{"id":24589,"href":"https:\/\/www.a3jam.net\/fr\/wp-json\/wp\/v2\/pages\/24027\/revisions\/24589"}],"wp:attachment":[{"href":"https:\/\/www.a3jam.net\/fr\/wp-json\/wp\/v2\/media?parent=24027"}],"curies":[{"name":"wp","href":"https:\/\/api.w.org\/{rel}","templated":true}]}}