{"id":24103,"date":"2019-12-02T13:01:02","date_gmt":"2019-12-02T12:01:02","guid":{"rendered":"https:\/\/www.espadancorks.com\/?page_id=24103"},"modified":"2023-07-18T10:01:04","modified_gmt":"2023-07-18T08:01:04","slug":"tapones-de-corcho-natural","status":"publish","type":"page","link":"https:\/\/www.a3jam.net\/fr\/tapones-de-corcho-natural\/","title":{"rendered":"Tapones de Corcho Natural"},"content":{"rendered":"<p>[vc_row full_width=\u00a0\u00bbstretch_row\u00a0\u00bb bg_type=\u00a0\u00bbimage\u00a0\u00bb bg_image_new=\u00a0\u00bb24006&Prime; enable_overlay=\u00a0\u00bbenable_overlay_value\u00a0\u00bb overlay_color=\u00a0\u00bb#774e08&Prime; overlay_pattern=\u00a0\u00bb01.png\u00a0\u00bb css=\u00a0\u00bb.vc_custom_1575288212358{margin-bottom: 0px !important;padding-top: 260px !important;padding-bottom: 140px !important;}\u00a0\u00bb][vc_column]<h1 class=\"boc_heading no_text_transform letter_spacing_negative center  \"  style=\"margin-bottom: 20px;margin-top: 0px;color: #ffffff;font-size: 35px;\"><span>Bouchons en li\u00e8ge 100{2f7fd15000abaabcb9724464aff7882f3196cad595bcd1ad3253b0740575c3c3} Naturel<\/span><\/h1><h2 class=\"boc_heading no_text_transform letter_spacing_negative center  boc_subheading \"  style=\"margin-bottom: 20px;margin-top: 0px;color: #d1d1d1;font-size: 22px;\"><span>Tradition artisanale dans chacun des processus d\u2019\u00e9laboration<\/span><\/h2>[\/vc_column][\/vc_row][vc_row][vc_column]<div class=\"boc_spacing \" style=\"height: 20px\"><\/div>[\/vc_column][\/vc_row][vc_row][vc_column width=\u00a0\u00bb1\/3&Prime; css=\u00a0\u00bb.vc_custom_1428093600775{padding-right: 60px !important;padding-left: 40px !important;}\u00a0\u00bb]<h3 class=\"boc_heading  center  \"  style=\"margin-bottom: 20px;margin-top: 0px;color: #333333;\"><span>Qualit\u00e9 du li\u00e8ge<\/span><\/h3>[vc_single_image alignment=\u00a0\u00bbcenter\u00a0\u00bb image=\u00a0\u00bb24120&Prime; css=\u00a0\u00bb.vc_custom_1575289395862{margin-bottom: 0px !important;border-bottom-width: 0px !important;}\u00a0\u00bb]<div class=\"boc_divider_holder\"><div class=\"boc_divider  \"  style=\"margin-top: 0px;margin-bottom: 20px;width: 60px;margin-left: auto; margin-right: auto;height: 1px;background: #eeeeee;\"><\/div><\/div>[vc_column_text]<\/p>\n<p class=\"p1\" style=\"text-align: center;\">Le li\u00e8ge que nous utilisons est produit dans nos propres for\u00eats, et <b>c\u2019est un li\u00e8ge \u00e0 croissance lente<\/b>, ce qui permet d&rsquo;obtenir une tr\u00e8s haute qualit\u00e9 de nos produits qui ont la qualification de <b>\u00ab\u00a0Produit naturel du Parc Naturel de \u00ab La Sierra Espad\u00e1n\u00a0\u00bb<\/b>.<\/p>\n<p>[\/vc_column_text]<div class=\"boc_spacing \" style=\"height: 10px\"><\/div>[\/vc_column][vc_column width=\u00a0\u00bb1\/3&Prime; css=\u00a0\u00bb.vc_custom_1428093679726{padding-right: 30px !important;}\u00a0\u00bb]<h3 class=\"boc_heading  center  \"  style=\"margin-bottom: 20px;margin-top: 0px;color: #333333;\"><span>Densit\u00e9 du li\u00e8ge.<\/span><\/h3>[vc_single_image alignment=\u00a0\u00bbcenter\u00a0\u00bb image=\u00a0\u00bb24124&Prime; css=\u00a0\u00bb.vc_custom_1575289572400{margin-bottom: 0px !important;border-bottom-width: 0px !important;}\u00a0\u00bb]<div class=\"boc_divider_holder\"><div class=\"boc_divider  \"  style=\"margin-top: 0px;margin-bottom: 20px;width: 60px;margin-left: auto; margin-right: auto;height: 1px;background: #eeeeee;\"><\/div><\/div>[vc_column_text]<\/p>\n<p class=\"p1\" style=\"text-align: center;\">Le d\u00e9bouchage de nos ch\u00eanes-li\u00e8ges se fait tous les 12-14 ans, conf\u00e9rant (conc\u00e9dant) \u00e0 nos bouchons une densit\u00e9 et des caract\u00e9ristiques uniques.<\/p>\n<p class=\"p1\" style=\"text-align: center;\">Nous avons une vaste \u00e9quipe de personnel exp\u00e9riment\u00e9 qui s\u2019occupe de chacune des phases du processus de production.<\/p>\n<p>[\/vc_column_text]<div class=\"boc_spacing \" style=\"height: 10px\"><\/div>[\/vc_column][vc_column width=\u00a0\u00bb1\/3&Prime;]<h3 class=\"boc_heading  center  \"  style=\"margin-bottom: 20px;margin-top: 0px;color: #333333;\"><span>Ramassage du li\u00e8ge.<\/span><\/h3>[vc_single_image alignment=\u00a0\u00bbcenter\u00a0\u00bb image=\u00a0\u00bb24126&Prime; css=\u00a0\u00bb.vc_custom_1575289742982{margin-bottom: 0px !important;border-bottom-width: 0px !important;}\u00a0\u00bb]<div class=\"boc_divider_holder\"><div class=\"boc_divider  \"  style=\"margin-top: 0px;margin-bottom: 20px;width: 60px;margin-left: auto; margin-right: auto;height: 1px;background: #eeeeee;\"><\/div><\/div>[vc_column_text]<\/p>\n<p class=\"p1\" style=\"text-align: center;\">Le ramassage du li\u00e8ge est la t\u00e2che d\u2019une \u00e9quipe sp\u00e9cialis\u00e9e, et se fait de mani\u00e8re totalement artisanale et avec un respect absolu pour l\u2019environnement.<\/p>\n<p class=\"p1\" style=\"text-align: center;\">Les plaques de li\u00e8ge sont laiss\u00e9es \u00e0 l\u2019air libre pendant au moins 8 mois, dans le m\u00eame environnement naturel et loin des sources de pollution et de contamination.<\/p>\n<p>[\/vc_column_text]<div class=\"boc_spacing \" style=\"height: 10px\"><\/div>[\/vc_column][\/vc_row][vc_row][vc_column][vc_single_image alignment=\u00a0\u00bbcenter\u00a0\u00bb image=\u00a0\u00bb23991&Prime;]<div class=\"boc_spacing \" style=\"height: 50px\"><\/div><h3 class=\"boc_heading  center  \"  style=\"margin-bottom: 20px;margin-top: 0px;color: #333333;font-size: 30px;\"><span>Pour la fabrication de nos bouchons de li\u00e8ge 100{2f7fd15000abaabcb9724464aff7882f3196cad595bcd1ad3253b0740575c3c3} naturels, nous suivons le processus de fabrication suivant\u00a0: Productif<\/span><\/h3><div class=\"boc_divider_holder\"><div class=\"boc_divider  \"  style=\"margin-top: 0px;margin-bottom: 20px;width: 60px;margin-left: auto; margin-right: auto;height: 1px;background: #eeeeee;\"><\/div><\/div>[\/vc_column][\/vc_row][vc_row][vc_column width=\u00a0\u00bb1\/3&Prime; css=\u00a0\u00bb.vc_custom_1428093600775{padding-right: 60px !important;padding-left: 40px !important;}\u00a0\u00bb][vc_single_image alignment=\u00a0\u00bbcenter\u00a0\u00bb image=\u00a0\u00bb24169&Prime;]<div class=\"boc_spacing \" style=\"height: 10px\"><\/div>[\/vc_column][vc_column width=\u00a0\u00bb1\/3&Prime; css=\u00a0\u00bb.vc_custom_1428093679726{padding-right: 30px !important;}\u00a0\u00bb]<h3 class=\"boc_heading  center  \"  style=\"margin-bottom: 20px;margin-top: 0px;color: #333333;\"><span>1er &#8211; D\u00c9BOUCHAGE<\/span><\/h3>[vc_column_text]<\/p>\n<p class=\"p1\" style=\"text-align: center;\">R\u00e9alis\u00e9 par du personnel sp\u00e9cialis\u00e9, de mani\u00e8re traditionnelle, avec le m\u00eame processus utilis\u00e9 au d\u00e9but des activit\u00e9s de notre entreprise (ou bien \u00e0 l\u2019ouverture de notre entreprise).<\/p>\n<p>[\/vc_column_text]<div class=\"boc_spacing \" style=\"height: 10px\"><\/div>[\/vc_column][vc_column width=\u00a0\u00bb1\/3&Prime;][vc_single_image alignment=\u00a0\u00bbcenter\u00a0\u00bb image=\u00a0\u00bb24170&Prime;]<div class=\"boc_spacing \" style=\"height: 10px\"><\/div>[\/vc_column][\/vc_row][vc_row][vc_column]<div class=\"boc_divider_holder\"><div class=\"boc_divider  \"  style=\"margin-top: 20px;margin-bottom: 20px;height: 1px;background: #eeeeee;\"><\/div><\/div>[\/vc_column][\/vc_row][vc_row][vc_column width=\u00a0\u00bb1\/3&Prime; css=\u00a0\u00bb.vc_custom_1428093600775{padding-right: 60px !important;padding-left: 40px !important;}\u00a0\u00bb][vc_single_image alignment=\u00a0\u00bbcenter\u00a0\u00bb image=\u00a0\u00bb24174&Prime;]<div class=\"boc_spacing \" style=\"height: 10px\"><\/div>[\/vc_column][vc_column width=\u00a0\u00bb1\/3&Prime; css=\u00a0\u00bb.vc_custom_1428093679726{padding-right: 30px !important;}\u00a0\u00bb]<h3 class=\"boc_heading  center  \"  style=\"margin-bottom: 20px;margin-top: 0px;color: #333333;\"><span>2\u00e8me \u2013 A\u00c9RATION (ou ventilation)<\/span><\/h3>[vc_column_text]<\/p>\n<p class=\"p1\" style=\"text-align: center;\">Les plaques de li\u00e8ge <b>sont a\u00e9r\u00e9es ext\u00e9rieurement<\/b> pendant au moins 8 mois, en plein parc naturel \u00abLa Sierra Espad\u00e1n\u00bb loin des sources de pollution et de contamination.<\/p>\n<p>[\/vc_column_text]<div class=\"boc_spacing \" style=\"height: 10px\"><\/div>[\/vc_column][vc_column width=\u00a0\u00bb1\/3&Prime;][vc_single_image alignment=\u00a0\u00bbcenter\u00a0\u00bb image=\u00a0\u00bb24176&Prime;]<div class=\"boc_spacing \" style=\"height: 10px\"><\/div>[\/vc_column][\/vc_row][vc_row][vc_column]<div class=\"boc_divider_holder\"><div class=\"boc_divider  \"  style=\"margin-top: 20px;margin-bottom: 20px;height: 1px;background: #eeeeee;\"><\/div><\/div>[\/vc_column][\/vc_row][vc_row][vc_column width=\u00a0\u00bb1\/3&Prime; css=\u00a0\u00bb.vc_custom_1428093600775{padding-right: 60px !important;padding-left: 40px !important;}\u00a0\u00bb][vc_single_image alignment=\u00a0\u00bbcenter\u00a0\u00bb image=\u00a0\u00bb24187&Prime;]<div class=\"boc_spacing \" style=\"height: 10px\"><\/div>[\/vc_column][vc_column width=\u00a0\u00bb1\/3&Prime; css=\u00a0\u00bb.vc_custom_1428093679726{padding-right: 30px !important;}\u00a0\u00bb]<h3 class=\"boc_heading  center  \"  style=\"margin-bottom: 20px;margin-top: 0px;color: #333333;\"><span>3\u00ba &#8211; PREPARATION DU LI\u00c8GE<\/span><\/h3>[vc_column_text]<\/p>\n<p class=\"p1\" style=\"text-align: center;\">Apr\u00e8s l\u2019a\u00e9ration, le li\u00e8ge est s\u00e9lectionn\u00e9 et bouillit. Ce processus est r\u00e9alis\u00e9 \u00e0 l\u2019aide d\u2019une chaudi\u00e8re aliment\u00e9e \u00e0 la biomasse (ou chaudi\u00e8re biomasse) afin de r\u00e9duire au maximum les \u00e9missions.<\/p>\n<p>[\/vc_column_text]<div class=\"boc_spacing \" style=\"height: 10px\"><\/div>[\/vc_column][vc_column width=\u00a0\u00bb1\/3&Prime;][vc_single_image alignment=\u00a0\u00bbcenter\u00a0\u00bb image=\u00a0\u00bb24186&Prime;]<div class=\"boc_spacing \" style=\"height: 10px\"><\/div>[\/vc_column][\/vc_row][vc_row][vc_column]<div class=\"boc_divider_holder\"><div class=\"boc_divider  \"  style=\"margin-top: 20px;margin-bottom: 20px;height: 1px;background: #eeeeee;\"><\/div><\/div>[\/vc_column][\/vc_row][vc_row][vc_column width=\u00a0\u00bb1\/3&Prime; css=\u00a0\u00bb.vc_custom_1428093600775{padding-right: 60px !important;padding-left: 40px !important;}\u00a0\u00bb][vc_single_image alignment=\u00a0\u00bbcenter\u00a0\u00bb image=\u00a0\u00bb24190&Prime;]<div class=\"boc_spacing \" style=\"height: 10px\"><\/div>[\/vc_column][vc_column width=\u00a0\u00bb1\/3&Prime; css=\u00a0\u00bb.vc_custom_1428093679726{padding-right: 30px !important;}\u00a0\u00bb]<h3 class=\"boc_heading  center  \"  style=\"margin-bottom: 20px;margin-top: 0px;color: #333333;\"><span>4\u00ba &#8211; D\u00c9COUPE DU BOUCHON<\/span><\/h3>[vc_column_text]<\/p>\n<p class=\"p1\" style=\"text-align: center;\">Apr\u00e8s l\u2019\u00e9bullition, le li\u00e8ge est \u00e0 nouveau s\u00e9lectionn\u00e9, en fonction de sa qualit\u00e9, pour la fabrication de diff\u00e9rents bouchons que nous produisons (ou \u00e9laborons) : des bouchons de 44, 49 et 54 mm. Les bouchons obtenus sont rectifi\u00e9s \u00e0 la mesure souhait\u00e9e, assurant l\u2019absence d\u2019ovalisation et de parall\u00e9lisme des bases (ou d&rsquo;\u00e9tanch\u00e9it\u00e9 parfaite).<\/p>\n<p>[\/vc_column_text]<div class=\"boc_spacing \" style=\"height: 10px\"><\/div>[\/vc_column][vc_column width=\u00a0\u00bb1\/3&Prime;][vc_single_image alignment=\u00a0\u00bbcenter\u00a0\u00bb image=\u00a0\u00bb24189&Prime;]<div class=\"boc_spacing \" style=\"height: 10px\"><\/div>[\/vc_column][\/vc_row][vc_row][vc_column]<div class=\"boc_divider_holder\"><div class=\"boc_divider  \"  style=\"margin-top: 20px;margin-bottom: 20px;height: 1px;background: #eeeeee;\"><\/div><\/div>[\/vc_column][\/vc_row][vc_row][vc_column width=\u00a0\u00bb1\/3&Prime; css=\u00a0\u00bb.vc_custom_1428093600775{padding-right: 60px !important;padding-left: 40px !important;}\u00a0\u00bb][vc_single_image alignment=\u00a0\u00bbcenter\u00a0\u00bb image=\u00a0\u00bb24193&Prime;]<div class=\"boc_spacing \" style=\"height: 10px\"><\/div>[\/vc_column][vc_column width=\u00a0\u00bb1\/3&Prime; css=\u00a0\u00bb.vc_custom_1428093679726{padding-right: 30px !important;}\u00a0\u00bb]<h3 class=\"boc_heading  center  \"  style=\"margin-bottom: 20px;margin-top: 0px;color: #333333;\"><span>5\u00e8me &#8211; S\u00c9LECTION ET CLASSEMENT<\/span><\/h3>[vc_column_text]<\/p>\n<p class=\"p1\" style=\"text-align: center;\">Les bouchons obtenus subissent des processus de s\u00e9lection par vision artificielle et sont class\u00e9s ult\u00e9rieurement et manuellement suivant les diff\u00e9rentes qualit\u00e9s par notre personnel sp\u00e9cialis\u00e9.<\/p>\n<p>[\/vc_column_text]<div class=\"boc_spacing \" style=\"height: 10px\"><\/div>[\/vc_column][vc_column width=\u00a0\u00bb1\/3&Prime;][vc_single_image alignment=\u00a0\u00bbcenter\u00a0\u00bb image=\u00a0\u00bb24192&Prime;]<div class=\"boc_spacing \" style=\"height: 10px\"><\/div>[\/vc_column][\/vc_row][vc_row][vc_column]<div class=\"boc_divider_holder\"><div class=\"boc_divider  \"  style=\"margin-top: 20px;margin-bottom: 20px;height: 1px;background: #eeeeee;\"><\/div><\/div>[\/vc_column][\/vc_row][vc_row][vc_column width=\u00a0\u00bb1\/3&Prime; css=\u00a0\u00bb.vc_custom_1428093600775{padding-right: 60px !important;padding-left: 40px !important;}\u00a0\u00bb][vc_single_image alignment=\u00a0\u00bbcenter\u00a0\u00bb image=\u00a0\u00bb24196&Prime;]<div class=\"boc_spacing \" style=\"height: 10px\"><\/div>[\/vc_column][vc_column width=\u00a0\u00bb1\/3&Prime; css=\u00a0\u00bb.vc_custom_1428093679726{padding-right: 30px !important;}\u00a0\u00bb]<h3 class=\"boc_heading  center  \"  style=\"margin-bottom: 20px;margin-top: 0px;color: #333333;\"><span>6e &#8211; TRAITEMENTS<\/span><\/h3>[vc_column_text]<\/p>\n<p class=\"p1\" style=\"text-align: center;\">Tous les bouchons sont trait\u00e9s avec des agents de d\u00e9sinfection et d&rsquo;imperm\u00e9abilisation.<\/p>\n<div id=\"mouseposition-extension-element-full-container\" style=\"position: fixed; top: 0px; left: 0px; right: 0px; bottom: 0px; pointer-events: none; z-index: 2147483647; font-weight: 400;\">\n<div id=\"mouseposition-extension-element-rect-display\" style=\"display: none; position: absolute; background: rgba(255, 255, 255, 0.7); outline: black solid 1px; font-size: 12px; z-index: 2147483647; justify-content: center; align-items: center; user-select: none; cursor: default; color: #000000; font-family: 'Helvetica Neue', Helvetica, Arial, sans-serif; width: 0px; height: 0px;\">\n<pre style=\"flex: 1 1 0{2f7fd15000abaabcb9724464aff7882f3196cad595bcd1ad3253b0740575c3c3}; text-align: center; background-color: rgba(255, 255, 255, 0.7); color: #000000; min-width: 42px; min-height: 12px; transition: all 1s ease 0s;\"><\/pre>\n<\/div>\n<pre id=\"mouseposition-extension-element-coordinate-display\" style=\"position: absolute; display: none; background: #ffffff; font-size: 12px; line-height: 14px; border-radius: 3px; border-width: 1px; border-color: #222222 black #333333; border-style: solid; padding: 3px; z-index: 2147483647; color: #222222; user-select: none; cursor: default; font-family: 'Helvetica Neue', Helvetica, Arial, sans-serif;\"><\/pre>\n<\/div>\n<p>[\/vc_column_text]<div class=\"boc_spacing \" style=\"height: 10px\"><\/div>[\/vc_column][vc_column width=\u00a0\u00bb1\/3&Prime;][vc_single_image alignment=\u00a0\u00bbcenter\u00a0\u00bb image=\u00a0\u00bb24195&Prime;]<div class=\"boc_spacing \" style=\"height: 10px\"><\/div>[\/vc_column][\/vc_row][vc_row][vc_column]<div class=\"boc_divider_holder\"><div class=\"boc_divider  \"  style=\"margin-top: 20px;margin-bottom: 20px;height: 1px;background: #eeeeee;\"><\/div><\/div>[\/vc_column][\/vc_row][vc_row][vc_column width=\u00a0\u00bb1\/3&Prime; css=\u00a0\u00bb.vc_custom_1428093600775{padding-right: 60px !important;padding-left: 40px !important;}\u00a0\u00bb][vc_single_image image=\u00a0\u00bb24199&Prime;]<div class=\"boc_spacing \" style=\"height: 10px\"><\/div>[\/vc_column][vc_column width=\u00a0\u00bb1\/3&Prime; css=\u00a0\u00bb.vc_custom_1428093679726{padding-right: 30px !important;}\u00a0\u00bb]<h3 class=\"boc_heading  center  \"  style=\"margin-bottom: 20px;margin-top: 0px;color: #333333;\"><span>7\u00ba &#8211; FINITIONS<\/span><\/h3>[vc_column_text]<\/p>\n<p class=\"p1\" style=\"text-align: center;\">Les bouchons peuvent \u00eatre personnalis\u00e9s avec le marquage du logo de la cave \u00e0 vin, \u00e0 l\u2019encre ou au feu, les bouchons sont ensuite soumis \u00e0 un traitement lissant (traitement de surface ou d\u2019assouplissement), qui peut \u00eatre le traitement standard (avec de la paraffine et du silicone) ou avec de la cire d\u2019abeille, pour les st\u00e9riliser, les empaqueter, les emballer et au final, les envoyer \u00e0 nos clients.<\/p>\n<p>[\/vc_column_text]<div class=\"boc_spacing \" style=\"height: 10px\"><\/div>[\/vc_column][vc_column width=\u00a0\u00bb1\/3&Prime;]<div class=\"boc_spacing \" style=\"height: 10px\"><\/div>[vc_single_image image=\u00a0\u00bb24198&Prime;][\/vc_column][\/vc_row][vc_row full_width=\u00a0\u00bbstretch_row\u00a0\u00bb bg_type=\u00a0\u00bbimage\u00a0\u00bb parallax_style=\u00a0\u00bbvcpb-animated\u00a0\u00bb bg_image_new=\u00a0\u00bb24205&Prime; parallax_sense=\u00a0\u00bb64&Prime; bg_override=\u00a0\u00bbex-full\u00a0\u00bb disable_on_mobile_img_parallax=\u00a0\u00bboff\u00a0\u00bb parallax_content=\u00a0\u00bbparallax_content_value\u00a0\u00bb parallax_content_sense=\u00a0\u00bb60&Prime; fadeout_row=\u00a0\u00bboff\u00a0\u00bb enable_overlay=\u00a0\u00bbenable_overlay_value\u00a0\u00bb overlay_color=\u00a0\u00bb#000000&Prime; overlay_pattern=\u00a0\u00bb01.png\u00a0\u00bb css=\u00a0\u00bb.vc_custom_1575300965815{margin-bottom: 0px !important;border-bottom-width: 0px !important;padding-top: 180px !important;padding-bottom: 150px !important;}\u00a0\u00bb el_class=\u00a0\u00bbcenter\u00a0\u00bb][vc_column]<h2 class=\"boc_heading  center  boc_subheading boc_animate_when_almost_visible boc_top-to-bottom\"  style=\"margin-bottom: 20px;margin-top: 6px;color: rgba(255,255,255,0.8);font-size: 30px;\"><span>Chez Espad\u00e1n Corks, chaque commande est trait\u00e9e de mani\u00e8re unique et ind\u00e9pendante, garantissant la tra\u00e7abilit\u00e9 de nos produits.<\/span><\/h2><div class=\"boc_spacing \" style=\"height: 60px\"><\/div><a\thref=\"https:\/\/www.espadancorks.com\/contacto\/\" \n\t\t\t\tclass=\"button btn_medium_stretched btn_white btn_rounded btn_outline   boc_animate_when_almost_visible boc_right-to-left btn_push_right\"  target='_self'><span>Contactez-nous<\/span><\/a>[\/vc_column][\/vc_row]<\/p>","protected":false},"excerpt":{"rendered":"<p>[vc_row full_width=\u00a0\u00bbstretch_row\u00a0\u00bb bg_type=\u00a0\u00bbimage\u00a0\u00bb bg_image_new=\u00a0\u00bb24006&Prime; enable_overlay=\u00a0\u00bbenable_overlay_value\u00a0\u00bb overlay_color=\u00a0\u00bb#774e08&Prime; overlay_pattern=\u00a0\u00bb01.png\u00a0\u00bb css=\u00a0\u00bb.vc_custom_1575288212358{margin-bottom: 0px !important;padding-top: 260px !important;padding-bottom: 140px !important;}\u00a0\u00bb][vc_column][\/vc_column][\/vc_row][vc_row][vc_column][\/vc_column][\/vc_row][vc_row][vc_column width=\u00a0\u00bb1\/3&Prime; css=\u00a0\u00bb.vc_custom_1428093600775{padding-right: 60px !important;padding-left: 40px !important;}\u00a0\u00bb][vc_single_image alignment=\u00a0\u00bbcenter\u00a0\u00bb image=\u00a0\u00bb24120&Prime; css=\u00a0\u00bb.vc_custom_1575289395862{margin-bottom: 0px !important;border-bottom-width: 0px !important;}\u00a0\u00bb][vc_column_text] Le li\u00e8ge que nous utilisons est produit dans nos propres for\u00eats, et c\u2019est un li\u00e8ge \u00e0 croissance lente, ce qui permet d&rsquo;obtenir une tr\u00e8s haute qualit\u00e9 de nos produits qui ont la qualification<\/p>\n<div class=\"h10\"><\/div>\n<p><a class=\"more-link2 flat\" href=\"https:\/\/www.a3jam.net\/fr\/tapones-de-corcho-natural\/\">Read more<\/a><\/p>\n","protected":false},"author":4,"featured_media":0,"parent":0,"menu_order":0,"comment_status":"closed","ping_status":"closed","template":"","meta":[],"aioseo_notices":[],"_links":{"self":[{"href":"https:\/\/www.a3jam.net\/fr\/wp-json\/wp\/v2\/pages\/24103"}],"collection":[{"href":"https:\/\/www.a3jam.net\/fr\/wp-json\/wp\/v2\/pages"}],"about":[{"href":"https:\/\/www.a3jam.net\/fr\/wp-json\/wp\/v2\/types\/page"}],"author":[{"embeddable":true,"href":"https:\/\/www.a3jam.net\/fr\/wp-json\/wp\/v2\/users\/4"}],"replies":[{"embeddable":true,"href":"https:\/\/www.a3jam.net\/fr\/wp-json\/wp\/v2\/comments?post=24103"}],"version-history":[{"count":92,"href":"https:\/\/www.a3jam.net\/fr\/wp-json\/wp\/v2\/pages\/24103\/revisions"}],"predecessor-version":[{"id":24818,"href":"https:\/\/www.a3jam.net\/fr\/wp-json\/wp\/v2\/pages\/24103\/revisions\/24818"}],"wp:attachment":[{"href":"https:\/\/www.a3jam.net\/fr\/wp-json\/wp\/v2\/media?parent=24103"}],"curies":[{"name":"wp","href":"https:\/\/api.w.org\/{rel}","templated":true}]}}