{"id":23028,"date":"2015-06-20T13:49:55","date_gmt":"2015-06-20T13:49:55","guid":{"rendered":"http:\/\/blueowlcreative.com\/wp\/fortuna_export\/?page_id=23028"},"modified":"2023-11-13T17:16:10","modified_gmt":"2023-11-13T16:16:10","slug":"alternative-color-3","status":"publish","type":"page","link":"https:\/\/www.a3jam.net\/it\/","title":{"rendered":"Espad\u00e1n Corks (INICIO)"},"content":{"rendered":"<p>[vc_row full_width=&#8221;stretch_row&#8221; bg_type=&#8221;video&#8221; video_url=&#8221;https:\/\/www.espadancorks.com\/wp-content\/uploads\/2019\/11\/video-banner-web.mov&#8221; video_opts=&#8221;loop,muted&#8221; video_poster=&#8221;24403&#8243; viewport_vdo=&#8221;off&#8221; enable_controls=&#8221;off&#8221; parallax_content=&#8221;parallax_content_value&#8221; parallax_content_sense=&#8221;70&#8243; fadeout_row=&#8221;fadeout_row_value&#8221; fadeout_start_effect=&#8221;50&#8243; enable_overlay=&#8221;enable_overlay_value&#8221; overlay_color=&#8221;rgba(10,0,0,0.1)&#8221; overlay_pattern=&#8221;09.png&#8221; overlay_pattern_opacity=&#8221;60&#8243; seperator_enable=&#8221;seperator_enable_value&#8221; seperator_position=&#8221;bottom_seperator&#8221; css=&#8221;.vc_custom_1581522674285{margin-bottom: 0px !important;padding-top: 260px !important;padding-bottom: 140px !important;}&#8221;][vc_column offset=&#8221;vc_hidden-xs&#8221;]<h1 class=\"boc_heading no_text_transform letter_spacing_negative center  \"  style=\"margin-bottom: 20px;margin-top: 0px;color: #ffffff;font-size: 45px;\"><span>Quatre g\u00e9n\u00e9rations d\u2019artisans<\/span><\/h1><h2 class=\"boc_heading  center  boc_subheading \"  style=\"margin-bottom: 20px;margin-top: 0px;color: #dbdbdb;font-size: 23px;\"><span>Nous fabriquons des bouchons en li\u00e8ge naturel de fa\u00e7on artisanale et personnalis\u00e9e<\/span><\/h2><div class=\"boc_spacing \" style=\"height: 90px\"><\/div>[\/vc_column][\/vc_row][vc_row full_width=&#8221;stretch_row&#8221; bg_type=&#8221;bg_color&#8221; enable_overlay=&#8221;off&#8221; el_class=&#8221;white_text&#8221; css=&#8221;.vc_custom_1572863950760{margin-top: 0px !important;margin-bottom: 0px !important;padding-top: 0px !important;padding-bottom: 25px !important;}&#8221; bg_color_value=&#8221;#33262a&#8221;][vc_column]<h2 class=\"boc_heading  center  boc_subheading \"  style=\"margin-bottom: 20px;margin-top: 0px;color: #ffffff;font-size: 20px;\"><span>Chez Espad\u00e1n Corks nous extrayons le li\u00e8ge de nos for\u00eats, qui se trouvent dans le Parc Naturel \u00abSierra de Espad\u00e1n\u00bb. Le processus se d\u00e9roule dans le respect absolu de l\u2019environnement et de fa\u00e7on artisanale. L\u2019utilisation du li\u00e8ge naturel est une activit\u00e9 durable, car seule l\u2019\u00e9corce est extraite de l\u2019arbre et son exploitation aide \u00e0 pr\u00e9server les for\u00eats en les prot\u00e9geant des incendies, de la d\u00e9sertification et de la d\u00e9gradation.<\/span><\/h2>[\/vc_column][\/vc_row][vc_row css=&#8221;.vc_custom_1437474868698{margin-bottom: 0px !important;}&#8221;][vc_column css=&#8221;.vc_custom_1437474831332{padding-bottom: 35px !important;}&#8221;][vc_single_image alignment=&#8221;center&#8221; image=&#8221;23991&#8243;][\/vc_column][\/vc_row][vc_row css=&#8221;.vc_custom_1437474868698{margin-bottom: 0px !important;}&#8221;][vc_column width=&#8221;1\/2&#8243; css=&#8221;.vc_custom_1437474831332{padding-bottom: 35px !important;}&#8221;]<h2 class=\"boc_heading  al_left  \"  style=\"margin-bottom: 20px;margin-top: 0px;color: #333;\"><span>Qu\u2019est-ce que c\u2019est le li\u00e8ge et d\u2019o\u00f9 est-il extrait?<\/span><\/h2>[vc_column_text]<\/p>\n<p class=\"p1\">Le li\u00e8ge est l\u2019\u00e9corce du ch\u00eane-li\u00e8ge, un arbre qui pousse dans la M\u00e9diterran\u00e9e occidentale. \u00c0 mesure que l\u2019arbre augmente en taille, sa tige s\u2019\u00e9paissit, accumulant des cellules mortes et creuses dans son \u00e9corce, qui est le li\u00e8ge lui-m\u00eame. Cette couche prot\u00e8ge les zones les plus sensibles de l\u2019arbre.<br \/>\nLes for\u00eats o\u00f9 nous extrayons le li\u00e8ge sont notre propri\u00e9t\u00e9 depuis plus de 70 ans.<\/p>\n<p>[\/vc_column_text][\/vc_column][vc_column width=&#8221;1\/2&#8243; css=&#8221;.vc_custom_1437474844987{padding-bottom: 35px !important;}&#8221;]<h2 class=\"boc_heading  al_left  \"  style=\"margin-bottom: 20px;margin-top: 0px;color: #333;\"><span>Pourquoi choisir un bouchon en li\u00e8ge naturel?<\/span><\/h2>[vc_column_text]<\/p>\n<p class=\"p1\">Les bouchons en li\u00e8ge naturel, en raison de leur composition unique, permettent l\u2019entr\u00e9e de petites doses d\u2019oxyg\u00e8ne dans la bouteille, cet effet est connu sous le nom de micro-oxyg\u00e9nation, fondamental pour la pr\u00e9servation des vins de garde, les vins ou Cuv\u00e9e (de) R\u00e9serve ou Grandes R\u00e9serves.<br \/>\nNotre produit est fait \u00e0 la main et personnalis\u00e9, parfait pour les \u00e9tablissements vinicoles biologiques, car il peut \u00eatre trait\u00e9 naturellement avec de la cire d\u2019abeille.<\/p>\n<p>[\/vc_column_text][\/vc_column][\/vc_row][vc_row css=&#8221;.vc_custom_1437474868698{margin-bottom: 0px !important;}&#8221;][vc_column width=&#8221;1\/2&#8243; css=&#8221;.vc_custom_1437474831332{padding-bottom: 35px !important;}&#8221;][vc_single_image image=&#8221;23869&#8243;][\/vc_column][vc_column width=&#8221;1\/2&#8243; css=&#8221;.vc_custom_1437474844987{padding-bottom: 35px !important;}&#8221;][vc_single_image image=&#8221;23865&#8243;][\/vc_column][\/vc_row][vc_row full_width=&#8221;stretch_row&#8221; css=&#8221;.vc_custom_1437406906048{border-bottom-width: 1px !important;padding-top: 80px !important;padding-bottom: 50px !important;background-color: #f9f9f9 !important;border-bottom-color: #eeeeee !important;border-bottom-style: solid !important;}&#8221;][vc_column width=&#8221;1\/4&#8243; css=&#8221;.vc_custom_1437406891311{padding-bottom: 35px !important;}&#8221;][vc_single_image alignment=&#8221;center&#8221; image=&#8221;23910&#8243;]<h2 class=\"boc_heading  center  \"  style=\"margin-bottom: 20px;margin-top: 0px;color: #333;\"><span>Qualit\u00e9<\/span><\/h2><div class=\"boc_divider_holder\"><div class=\"boc_divider  \"  style=\"margin-top: 20px;margin-bottom: 20px;width: 80{2f7fd15000abaabcb9724464aff7882f3196cad595bcd1ad3253b0740575c3c3};margin-left: auto; margin-right: auto;height: 1px;background: #33262a;\"><\/div><\/div>[vc_column_text]<\/p>\n<p class=\"p1\" style=\"text-align: center;\">Espad\u00e1n Corks fournit des bouchons en li\u00e8ge naturel de haute qualit\u00e9 aux \u00e9tablissements vinicoles du monde entier.<\/p>\n<p>[\/vc_column_text]<div class=\"boc_spacing \" style=\"height: 15px\"><\/div>[\/vc_column][vc_column width=&#8221;1\/4&#8243; css=&#8221;.vc_custom_1437406895286{padding-bottom: 35px !important;}&#8221;][vc_single_image alignment=&#8221;center&#8221; image=&#8221;23913&#8243;]<h2 class=\"boc_heading  center  \"  style=\"margin-bottom: 20px;margin-top: 0px;color: #333;\"><span>Tradition<\/span><\/h2><div class=\"boc_divider_holder\"><div class=\"boc_divider  \"  style=\"margin-top: 20px;margin-bottom: 20px;width: 80{2f7fd15000abaabcb9724464aff7882f3196cad595bcd1ad3253b0740575c3c3};margin-left: auto; margin-right: auto;height: 1px;background: #33262a;\"><\/div><\/div>[vc_column_text]<\/p>\n<p class=\"p1\" style=\"text-align: center;\">Une entreprise familiale avec 4 g\u00e9n\u00e9rations de ma\u00eetres artisans de li\u00e8ge.<\/p>\n<p>[\/vc_column_text]<div class=\"boc_spacing \" style=\"height: 15px\"><\/div>[\/vc_column][vc_column width=&#8221;1\/4&#8243; css=&#8221;.vc_custom_1437406911821{padding-bottom: 35px !important;}&#8221;][vc_single_image alignment=&#8221;center&#8221; image=&#8221;23915&#8243;]<h2 class=\"boc_heading  center  \"  style=\"margin-bottom: 20px;margin-top: 0px;color: #333;\"><span>Durabilit\u00e9 ou p\u00e9rennit\u00e9 <\/span><\/h2><div class=\"boc_divider_holder\"><div class=\"boc_divider  \"  style=\"margin-top: 20px;margin-bottom: 20px;width: 80{2f7fd15000abaabcb9724464aff7882f3196cad595bcd1ad3253b0740575c3c3};margin-left: auto; margin-right: auto;height: 1px;background: #33262a;\"><\/div><\/div>[vc_column_text]<\/p>\n<p class=\"p1\" style=\"text-align: center;\">Nous extrayons seulement l\u2019\u00e9corce du ch\u00eane-li\u00e8ge, d\u2019une mani\u00e8re artisanale et respectueuse de l\u2019environnement.<\/p>\n<p>[\/vc_column_text]<div class=\"boc_spacing \" style=\"height: 15px\"><\/div>[\/vc_column][vc_column width=&#8221;1\/4&#8243;][vc_single_image alignment=&#8221;center&#8221; image=&#8221;23923&#8243;]<h2 class=\"boc_heading  center  \"  style=\"margin-bottom: 20px;margin-top: 0px;color: #333;\"><span>Contr\u00f4le<\/span><\/h2><div class=\"boc_divider_holder\"><div class=\"boc_divider  \"  style=\"margin-top: 20px;margin-bottom: 20px;width: 80{2f7fd15000abaabcb9724464aff7882f3196cad595bcd1ad3253b0740575c3c3};margin-left: auto; margin-right: auto;height: 1px;background: #33262a;\"><\/div><\/div>[vc_column_text]<\/p>\n<p class=\"p1\" style=\"text-align: center;\">Nous effectuons des contr\u00f4les sensoriels et halo analyses (ou analyse de la tra\u00e7abilit\u00e9) des lots, \u00e0 la demande de nos clients.<\/p>\n<div id=\"mouseposition-extension-element-full-container\" style=\"position: fixed; top: 0px; left: 0px; right: 0px; bottom: 0px; pointer-events: none; z-index: 2147483647; font-weight: 400;\">\n<div id=\"mouseposition-extension-element-rect-display\" style=\"display: none; position: absolute; background: rgba(255, 255, 255, 0.7); outline: black solid 1px; font-size: 12px; z-index: 2147483647; justify-content: center; align-items: center; user-select: none; cursor: default; color: #000000; font-family: 'Helvetica Neue', Helvetica, Arial, sans-serif; width: 0px; height: 0px;\">\n<pre style=\"flex: 1 1 0{2f7fd15000abaabcb9724464aff7882f3196cad595bcd1ad3253b0740575c3c3}; text-align: center; background-color: rgba(255, 255, 255, 0.7); color: #000000; min-width: 42px; min-height: 12px; transition: all 1s ease 0s;\"><\/pre>\n<\/div>\n<pre id=\"mouseposition-extension-element-coordinate-display\" style=\"position: absolute; display: none; background: #ffffff; font-size: 12px; line-height: 14px; border-radius: 3px; border-width: 1px; border-color: #222222 black #333333; border-style: solid; padding: 3px; z-index: 2147483647; color: #222222; user-select: none; cursor: default; font-family: 'Helvetica Neue', Helvetica, Arial, sans-serif;\"><\/pre>\n<\/div>\n<p>[\/vc_column_text]<div class=\"boc_spacing \" style=\"height: 15px\"><\/div>[\/vc_column][\/vc_row][vc_row][vc_column]<div class=\"boc_spacing \" style=\"height: 30px\"><\/div><h2 class=\"boc_heading  center  \"  style=\"margin-bottom: 20px;margin-top: 0px;color: #333;\"><span>Galerie <strong>d\u2019images<\/strong><\/span><\/h2><div class=\"img_carousel_holder no_bgr_top_arrows\">\t<div class=\"img_carousel mfp_gallery\" id=\"img_carousel_8199\" style=\"opacity:0;\"><div class=\"img_carousel_item boc_owl_lazy\">\t<div class=\"pic  img_hover_effect2\">\r\n\t\t\t\t\t\t\t\t<a href=\"https:\/\/www.a3jam.net\/wp-content\/uploads\/2019\/11\/galeria-4.jpg\" class=\"mfp_popup_gal\"  target=\"_self\">\r\n\t\t\t\t\t\t\t\t\t<img src=\"https:\/\/www.a3jam.net\/wp-content\/uploads\/2019\/11\/galeria-4-587x380.jpg\" alt=\"\" \/>\r\n\t\t\t\t\t\t\t\t<\/a>\r\n\t\t\t\t\t\t\t<\/div>\r\n\t\t\t\t\t\t<\/div><div class=\"img_carousel_item boc_owl_lazy\">\t<div class=\"pic  img_hover_effect2\">\r\n\t\t\t\t\t\t\t\t<a href=\"https:\/\/www.a3jam.net\/wp-content\/uploads\/2019\/11\/galeria-2.jpg\" class=\"mfp_popup_gal\"  target=\"_self\">\r\n\t\t\t\t\t\t\t\t\t<img src=\"https:\/\/www.a3jam.net\/wp-content\/uploads\/2019\/11\/galeria-2-587x380.jpg\" alt=\"\" \/>\r\n\t\t\t\t\t\t\t\t<\/a>\r\n\t\t\t\t\t\t\t<\/div>\r\n\t\t\t\t\t\t<\/div><div class=\"img_carousel_item boc_owl_lazy\">\t<div class=\"pic  img_hover_effect2\">\r\n\t\t\t\t\t\t\t\t<a href=\"https:\/\/www.a3jam.net\/wp-content\/uploads\/2019\/11\/galeria-3.jpg\" class=\"mfp_popup_gal\"  target=\"_self\">\r\n\t\t\t\t\t\t\t\t\t<img src=\"https:\/\/www.a3jam.net\/wp-content\/uploads\/2019\/11\/galeria-3-587x380.jpg\" alt=\"\" \/>\r\n\t\t\t\t\t\t\t\t<\/a>\r\n\t\t\t\t\t\t\t<\/div>\r\n\t\t\t\t\t\t<\/div><div class=\"img_carousel_item boc_owl_lazy\">\t<div class=\"pic  img_hover_effect2\">\r\n\t\t\t\t\t\t\t\t<a href=\"https:\/\/www.a3jam.net\/wp-content\/uploads\/2019\/11\/galeria-5.jpg\" class=\"mfp_popup_gal\"  target=\"_self\">\r\n\t\t\t\t\t\t\t\t\t<img src=\"https:\/\/www.a3jam.net\/wp-content\/uploads\/2019\/11\/galeria-5-587x380.jpg\" alt=\"\" \/>\r\n\t\t\t\t\t\t\t\t<\/a>\r\n\t\t\t\t\t\t\t<\/div>\r\n\t\t\t\t\t\t<\/div><div class=\"img_carousel_item boc_owl_lazy\">\t<div class=\"pic  img_hover_effect2\">\r\n\t\t\t\t\t\t\t\t<a href=\"https:\/\/www.a3jam.net\/wp-content\/uploads\/2019\/11\/galeria-6.jpg\" class=\"mfp_popup_gal\"  target=\"_self\">\r\n\t\t\t\t\t\t\t\t\t<img src=\"https:\/\/www.a3jam.net\/wp-content\/uploads\/2019\/11\/galeria-6-587x380.jpg\" alt=\"\" \/>\r\n\t\t\t\t\t\t\t\t<\/a>\r\n\t\t\t\t\t\t\t<\/div>\r\n\t\t\t\t\t\t<\/div><div class=\"img_carousel_item boc_owl_lazy\">\t<div class=\"pic  img_hover_effect2\">\r\n\t\t\t\t\t\t\t\t<a href=\"https:\/\/www.a3jam.net\/wp-content\/uploads\/2019\/11\/galeria-1-1.jpg\" class=\"mfp_popup_gal\"  target=\"_self\">\r\n\t\t\t\t\t\t\t\t\t<img src=\"https:\/\/www.a3jam.net\/wp-content\/uploads\/2019\/11\/galeria-1-1-587x380.jpg\" alt=\"\" \/>\r\n\t\t\t\t\t\t\t\t<\/a>\r\n\t\t\t\t\t\t\t<\/div>\r\n\t\t\t\t\t\t<\/div><\/div>\r\n\t\t\t\t <\/div>\r\n\t\t\t\t\t<!-- Image Slider -->\r\n\t\t\t\t\t<script type=\"text\/javascript\">\r\n\r\n\t\t\t\t\t\tjQuery(document).ready(function($) {\r\n\t\t\t\t\t\t\t\r\n\t\t\t\t\t\t\tvar carousel = jQuery(\"#img_carousel_8199\");\r\n\t\t\t\t\t\t\t\r\n\t\t\t\t\t\t\tvar args = {\r\n\t\t\t\t\t\t\t\t\titems: \t\t\t\t6,\r\n\t\t\t\t\t\t\t\t\tslideBy: \t\t\t1,\t\t\t\t\t\t\r\n\t\t\t\t\t\t\t\t\tautoplay:\t\t\ttrue,\r\n\t\t\t\t\t\t\t\t\tautoplayTimeout:\t4000,\r\n\t\t\t\t\t\t\t\t\tnav: \t\t\t\ttrue,\r\n\t\t\t\t\t\t\t\t\tdots: \t\t\t\tfalse,\r\n\t\t\t\t\t\t\t\t\tloop: \t\t\t\ttrue,\r\n\t\t\t\t\t\t\t\t\tsmartSpeed:\t\t\t500,\r\n\t\t\t\t\t\t\t\t\tnavText:\t\t\t[\"<span class='icon icon-arrow-left7'><\/span>\",\"<span class='icon icon-arrow-right7'><\/span>\"],\r\n\t\t\t\t\t\t\t\t\tnavRewind: \t\t\tfalse,\r\n\t\t\t\t\t\t\t\t\trtl : \t\t\t\tfalse,\r\n\t\t\t\t\t\t\t\t\tmargin: \t\t\t0,\r\n\t\t\t\t\t\t\t\t\tresponsive:{\r\n\t\t\t\t\t\t\t\t\t\t0:{\r\n\t\t\t\t\t\t\t\t\t\t  items:1,\r\n\t\t\t\t\t\t\t\t\t\t},\r\n\t\t\t\t\t\t\t\t\t\t480:{\r\n\t\t\t\t\t\t\t\t\t\t  items:1,\r\n\t\t\t\t\t\t\t\t\t\t  margin:20,\r\n\t\t\t\t\t\t\t\t\t\t},\r\n\t\t\t\t\t\t\t\t\t\t769:{\r\n\t\t\t\t\t\t\t\t\t\t  items:6\r\n\t\t\t\t\t\t\t\t\t\t}\r\n\t\t\t\t\t\t\t\t\t},\r\n\t\t\t\t\t\t\t\t\tonInitialized: showCarousel_8199\r\n\t\t\t\t\t\t\t};\r\n\t\t\t\t\t\t\t\r\n\t\t\t\t\t\t\tcarousel.owlCarousel(args);\r\n\r\n\t\t\t\t\t\t\tvar initital_width = carousel.css(\"width\");\t\t\r\n\t\t\t\t\t\t\t\t\r\n\t\t\t\t\t\t\t\/* Refresh it for full width rows *\/\r\n\t\t\t\t\t\t\t$(window).load(function(){\r\n\t\t\t\t\t\t\t\tif(carousel.css(\"width\") != initital_width) {\r\n\t\t\t\t\t\t\t\t\tcarousel.trigger(\"destroy.owl.carousel\").removeClass(\"owl-carousel owl-loaded\");\r\n\t\t\t\t\t\t\t\t\tcarousel.find(\".owl-stage-outer\").children().unwrap();\r\n\t\t\t\t\t\t\t\t\tcarousel.owlCarousel(args);\r\n\t\t\t\t\t\t\t\t}\r\n\t\t\t\t\t\t\t});\r\n\t\t\t\t\t\t\t\r\n\t\t\t\t\t\t\t\/* Show once loaded *\/\r\n\t\t\t\t\t\t\tfunction showCarousel_8199() {\r\n\t\t\t\t\t\t\t\tcarousel.fadeTo(0,1);\r\n\t\t\t\t\t\t\t\t$(\"#img_carousel_8199 .owl-item .boc_owl_lazy\").css(\"opacity\",\"1\");\r\n\t\t\t\t\t\t\t}\r\n\t\t\t\t\t\t});\r\n\t\t\t\t\t\t\r\n\t\t\t\t\t<\/script>\r\n\t\t\t\t\t<!-- Image Slider :: END --><div class=\"boc_spacing \" style=\"height: 10px\"><\/div>[\/vc_column][\/vc_row][vc_row full_width=&#8221;stretch_row&#8221; bg_type=&#8221;bg_color&#8221; enable_overlay=&#8221;off&#8221; el_class=&#8221;white_text&#8221; css=&#8221;.vc_custom_1572889037929{margin-top: 0px !important;margin-bottom: 0px !important;padding-top: 24px !important;padding-bottom: 24px !important;}&#8221; bg_color_value=&#8221;#33262a&#8221;][vc_column]<div class=\"text_box body_font box_no_bgr \"><div class=\"text_box_content with_button\"><h2>Nous sommes des sp\u00e9cialistes dans la fabrication de bouchons de li\u00e8ge naturel de haute qualit\u00e9.<\/h2>\r\n\t\t\t\t\t<p><\/p>\n<p class=\"p1\">Si vous \u00eates int\u00e9ress\u00e9 par nos produits ou si vous avez des demandes de renseignements techniques, vous pouvez nous contactez sans engagement.<\/p>\n<div id=\"mouseposition-extension-element-full-container\" style=\"position: fixed; top: 0px; left: 0px; right: 0px; bottom: 0px; pointer-events: none; z-index: 2147483647; font-weight: 400;\">\n<div id=\"mouseposition-extension-element-rect-display\" style=\"display: none; position: absolute; background: rgba(255, 255, 255, 0.7); outline: black solid 1px; font-size: 12px; z-index: 2147483647; justify-content: center; align-items: center; user-select: none; cursor: default; color: #000000; font-family: 'Helvetica Neue', Helvetica, Arial, sans-serif; width: 0px; height: 0px;\">\n<pre style=\"flex: 1 1 0{2f7fd15000abaabcb9724464aff7882f3196cad595bcd1ad3253b0740575c3c3}; text-align: center; background-color: rgba(255, 255, 255, 0.7); color: #000000; min-width: 42px; min-height: 12px; transition: all 1s ease 0s;\"><\/pre>\n<\/div>\n<pre id=\"mouseposition-extension-element-coordinate-display\" style=\"position: absolute; display: none; background: #ffffff; font-size: 12px; line-height: 14px; border-radius: 3px; border-width: 1px; border-color: #222222 black #333333; border-style: solid; padding: 3px; z-index: 2147483647; color: #222222; user-select: none; cursor: default; font-family: 'Helvetica Neue', Helvetica, Arial, sans-serif;\"><\/pre>\n<\/div>\n<p><\/p>\r\n\t\t\t\t<\/div><div class=\"btn_holder\"><a\thref=\"https:\/\/www.espadancorks.com\/contacto\/\" \r\n\t\t\t\t\tclass=\"button  btn_medium_stretched btn_white btn_squared btn_outline icon_pos_after \"  target='_self'><span>Contactez-nous<\/span> <i class='icon icon icon-angle-right2'><\/i> <\/a><\/div><\/div><div class=\"boc_spacing \" style=\"height: 40px\"><\/div><div class=\"text_box body_font box_no_bgr \"><div class=\"text_box_content \"><h2>Certificazioni<\/h2>\r\n\t\t\t\t\t<p><\/p>\n<div id=\"mouseposition-extension-element-full-container\" style=\"position: fixed; top: 0px; left: 0px; right: 0px; bottom: 0px; pointer-events: none; z-index: 2147483647; font-weight: 400;\">\n<div id=\"mouseposition-extension-element-rect-display\" style=\"display: none; position: absolute; background: rgba(255, 255, 255, 0.7); outline: black solid 1px; font-size: 12px; z-index: 2147483647; justify-content: center; align-items: center; user-select: none; cursor: default; color: #000000; font-family: 'Helvetica Neue', Helvetica, Arial, sans-serif; width: 0px; height: 0px;\">\n<pre style=\"flex: 1 1 0{2f7fd15000abaabcb9724464aff7882f3196cad595bcd1ad3253b0740575c3c3}; text-align: center; background-color: rgba(255, 255, 255, 0.7); color: #000000; min-width: 42px; min-height: 12px; transition: all 1s ease 0s;\"><\/pre>\n<\/div>\n<pre id=\"mouseposition-extension-element-coordinate-display\" style=\"position: absolute; display: none; background: #ffffff; font-size: 12px; line-height: 14px; border-radius: 3px; border-width: 1px; border-color: #222222 black #333333; border-style: solid; padding: 3px; z-index: 2147483647; color: #222222; user-select: none; cursor: default; font-family: 'Helvetica Neue', Helvetica, Arial, sans-serif;\"><\/pre>\n<\/div>\n<p><\/p>\r\n\t\t\t\t<\/div><\/div>[vc_row_inner][vc_column_inner width=&#8221;1\/5&#8243;][vc_single_image onclick=&#8221;custom_link&#8221; img_link_target=&#8221;_blank&#8221; image=&#8221;24759&#8243;][\/vc_column_inner][vc_column_inner width=&#8221;1\/5&#8243;][vc_single_image onclick=&#8221;custom_link&#8221; img_link_target=&#8221;_blank&#8221; image=&#8221;24669&#8243; link=&#8221;https:\/\/www.espadancorks.com\/wp-content\/uploads\/2022\/11\/espadan-certificado-56921-eurogreen.pdf&#8221;][\/vc_column_inner][vc_column_inner width=&#8221;1\/5&#8243;][vc_single_image onclick=&#8221;custom_link&#8221; img_link_target=&#8221;_blank&#8221; image=&#8221;24724&#8243;][\/vc_column_inner][vc_column_inner width=&#8221;1\/5&#8243;][vc_single_image onclick=&#8221;custom_link&#8221; img_link_target=&#8221;_blank&#8221; image=&#8221;24891&#8243;][\/vc_column_inner][vc_column_inner width=&#8221;1\/5&#8243;][\/vc_column_inner][\/vc_row_inner][vc_row_inner disable_element=&#8221;yes&#8221;][vc_column_inner width=&#8221;1\/6&#8243;][vc_single_image onclick=&#8221;custom_link&#8221; img_link_target=&#8221;_blank&#8221; image=&#8221;24759&#8243;][\/vc_column_inner][vc_column_inner width=&#8221;1\/6&#8243;][\/vc_column_inner][vc_column_inner width=&#8221;1\/6&#8243;][vc_single_image onclick=&#8221;custom_link&#8221; img_link_target=&#8221;_blank&#8221; image=&#8221;24669&#8243; link=&#8221;https:\/\/www.espadancorks.com\/wp-content\/uploads\/2022\/11\/espadan-certificado-56921-eurogreen.pdf&#8221;][\/vc_column_inner][vc_column_inner width=&#8221;1\/6&#8243;][vc_single_image onclick=&#8221;custom_link&#8221; img_link_target=&#8221;_blank&#8221; image=&#8221;24709&#8243; link=&#8221;https:\/\/www.espadancorks.com\/wp-content\/uploads\/2022\/12\/C2022_8364_20221213_1529.pdf&#8221;][\/vc_column_inner][vc_column_inner width=&#8221;1\/6&#8243;][vc_single_image onclick=&#8221;custom_link&#8221; img_link_target=&#8221;_blank&#8221; image=&#8221;24723&#8243;][\/vc_column_inner][vc_column_inner width=&#8221;1\/6&#8243;][vc_single_image onclick=&#8221;custom_link&#8221; img_link_target=&#8221;_blank&#8221; image=&#8221;24724&#8243;][\/vc_column_inner][\/vc_row_inner]<div class=\"boc_spacing \" style=\"height: 20px\"><\/div>[\/vc_column][\/vc_row][vc_row][vc_column width=&#8221;1\/5&#8243;][\/vc_column][vc_column width=&#8221;1\/5&#8243;][vc_single_image alignment=&#8221;center&#8221; image=&#8221;24393&#8243;][\/vc_column][vc_column width=&#8221;1\/5&#8243;][vc_single_image alignment=&#8221;center&#8221; image=&#8221;24394&#8243;][\/vc_column][vc_column width=&#8221;1\/5&#8243;][vc_single_image alignment=&#8221;center&#8221; image=&#8221;24357&#8243;][\/vc_column][vc_column width=&#8221;1\/5&#8243;][\/vc_column][\/vc_row]<\/p>","protected":false},"excerpt":{"rendered":"<p>[vc_row full_width=&#8221;stretch_row&#8221; bg_type=&#8221;video&#8221; video_url=&#8221;https:\/\/www.espadancorks.com\/wp-content\/uploads\/2019\/11\/video-banner-web.mov&#8221; video_opts=&#8221;loop,muted&#8221; video_poster=&#8221;24403&#8243; viewport_vdo=&#8221;off&#8221; enable_controls=&#8221;off&#8221; parallax_content=&#8221;parallax_content_value&#8221; parallax_content_sense=&#8221;70&#8243; fadeout_row=&#8221;fadeout_row_value&#8221; fadeout_start_effect=&#8221;50&#8243; enable_overlay=&#8221;enable_overlay_value&#8221; overlay_color=&#8221;rgba(10,0,0,0.1)&#8221; overlay_pattern=&#8221;09.png&#8221; overlay_pattern_opacity=&#8221;60&#8243; seperator_enable=&#8221;seperator_enable_value&#8221; seperator_position=&#8221;bottom_seperator&#8221; css=&#8221;.vc_custom_1581522674285{margin-bottom: 0px !important;padding-top: 260px !important;padding-bottom: 140px !important;}&#8221;][vc_column offset=&#8221;vc_hidden-xs&#8221;][\/vc_column][\/vc_row][vc_row full_width=&#8221;stretch_row&#8221; bg_type=&#8221;bg_color&#8221; enable_overlay=&#8221;off&#8221; el_class=&#8221;white_text&#8221; css=&#8221;.vc_custom_1572863950760{margin-top: 0px !important;margin-bottom: 0px !important;padding-top: 0px !important;padding-bottom: 25px !important;}&#8221; bg_color_value=&#8221;#33262a&#8221;][vc_column][\/vc_column][\/vc_row][vc_row css=&#8221;.vc_custom_1437474868698{margin-bottom: 0px !important;}&#8221;][vc_column css=&#8221;.vc_custom_1437474831332{padding-bottom: 35px !important;}&#8221;][vc_single_image alignment=&#8221;center&#8221; image=&#8221;23991&#8243;][\/vc_column][\/vc_row][vc_row css=&#8221;.vc_custom_1437474868698{margin-bottom: 0px !important;}&#8221;][vc_column width=&#8221;1\/2&#8243; css=&#8221;.vc_custom_1437474831332{padding-bottom: 35px !important;}&#8221;][vc_column_text] Le li\u00e8ge est l\u2019\u00e9corce du<\/p>\n<div class=\"h10\"><\/div>\n<p><a class=\"more-link2 flat\" href=\"https:\/\/www.a3jam.net\/it\/\">Read more<\/a><\/p>\n","protected":false},"author":4,"featured_media":0,"parent":0,"menu_order":7,"comment_status":"closed","ping_status":"closed","template":"","meta":[],"aioseo_notices":[],"_links":{"self":[{"href":"https:\/\/www.a3jam.net\/it\/wp-json\/wp\/v2\/pages\/23028"}],"collection":[{"href":"https:\/\/www.a3jam.net\/it\/wp-json\/wp\/v2\/pages"}],"about":[{"href":"https:\/\/www.a3jam.net\/it\/wp-json\/wp\/v2\/types\/page"}],"author":[{"embeddable":true,"href":"https:\/\/www.a3jam.net\/it\/wp-json\/wp\/v2\/users\/4"}],"replies":[{"embeddable":true,"href":"https:\/\/www.a3jam.net\/it\/wp-json\/wp\/v2\/comments?post=23028"}],"version-history":[{"count":221,"href":"https:\/\/www.a3jam.net\/it\/wp-json\/wp\/v2\/pages\/23028\/revisions"}],"predecessor-version":[{"id":24924,"href":"https:\/\/www.a3jam.net\/it\/wp-json\/wp\/v2\/pages\/23028\/revisions\/24924"}],"wp:attachment":[{"href":"https:\/\/www.a3jam.net\/it\/wp-json\/wp\/v2\/media?parent=23028"}],"curies":[{"name":"wp","href":"https:\/\/api.w.org\/{rel}","templated":true}]}}